{"id":1768,"date":"2024-08-23T10:15:33","date_gmt":"2024-08-23T09:15:33","guid":{"rendered":"https:\/\/joannesrichard.com\/terms-of-use\/"},"modified":"2024-08-23T11:01:07","modified_gmt":"2024-08-23T10:01:07","slug":"terms-of-use","status":"publish","type":"page","link":"https:\/\/joannesrichard.com\/en\/terms-of-use\/","title":{"rendered":"Terms of use"},"content":{"rendered":"<h2 class=\"m-size-11 m-text-align-center size-14\"><span class=\"m-font-size-11 font-size-14\">Publisher information<\/span><\/h2>\n<p class=\"m-size-11 m-text-align-center size-14\"><span class=\"m-font-size-11 font-size-14\">The www.joannesricchard.com website is published by :<\/span><\/p>\n<p class=\"m-text-align-center m-size-11 size-14\"><span class=\"m-font-size-11 font-size-14\">Laurent Wild &#8211; Trust Digital<\/span><\/p>\n<h2 class=\"m-size-11 m-text-align-center size-14\"><span class=\"m-font-size-11 font-size-14\">Publishing Director<\/span><\/h2>\n<p class=\"m-text-align-center m-size-11 size-14\"><span class=\"m-font-size-11 font-size-14\">Laurent Wild &#8211; Trust Digital 10 Rue de gr\u00e9zan &#8211; 30000 N\u00eemes<\/span><\/p>\n<h2 class=\"m-size-11 m-text-align-center size-14\"><span class=\"m-font-size-11 font-size-14\">Site realization<\/span><\/h2>\n<p class=\"m-size-11 m-text-align-center size-14\"><span class=\"m-font-size-11 font-size-14\">Laurent Wild &#8211; Trust Digital<\/span><\/p>\n<p class=\"m-size-11 m-text-align-center size-14\"><span class=\"m-font-size-11 font-size-14\">10 Rue de gr\u00e9zan &#8211; 30000 N\u00eemes laurentwild.com<\/span><\/p>\n<h2 class=\"m-size-11 m-text-align-center size-14\"><span class=\"m-font-size-11 font-size-14\">Host<\/span><\/h2>\n<p class=\"content\">LWS (www.lws.fr &#8211; Ligne Web Services) SAS au capital de 500 000 Euros 10, RUE PENTHIEVRE 75008 PARIS FRANCE<\/p>\n<p class=\"content\">RCS Paris B 851 993 683 00024 &#8211; APE 6311Z TVA intra: FR21 851 993 683 SIRET 85199368300024<\/p>\n<h2 class=\"m-size-11 m-text-align-center size-14\"><span class=\"m-font-size-11 font-size-14\">Intellectual property<\/span><\/h2>\n<p class=\"m-size-11 m-text-align-center size-14\"><span class=\"m-font-size-11 font-size-14\">In accordance with the French Intellectual Property Code and, more generally, with all agreements containing provisions relating to copyright, the partial or total reproduction of texts, images or illustrations not explicitly intended to be downloaded by visitors is forbidden without prior authorization from the publisher or any assignee.<\/span><\/p>\n<h2 class=\"m-size-11 m-text-align-center size-14\"><span class=\"m-font-size-11 font-size-14\">Responsibilities<\/span><\/h2>\n<p class=\"m-size-11 m-text-align-center size-14\"><span class=\"m-font-size-11 font-size-14\">Use of the information contained on this site is the sole responsibility of the user.<br \/>\nAll the resources contained in this site, texts, visuals and illustrations (diagrams, drawings, plans, photographs and computer animations) are communicated for information purposes only and cannot in any way engage the responsibility of the editor.<br \/>\nIn spite of Joannes Richard&#8217;s desire to provide the most accurate information possible and to ensure that the website is regularly updated, the publisher cannot be held responsible for any inaccuracies, errors or omissions concerning the information contained on the site, nor for the results obtained from the use and practice of the information provided on this communication medium. <\/span><\/p>\n<h2 class=\"m-size-11 m-text-align-center size-14\"><span class=\"m-font-size-11 font-size-14\">Exercising access rights<\/span><\/h2>\n<p class=\"m-size-11 m-text-align-center size-14\"><span class=\"m-font-size-11 font-size-14\">In accordance with article 34 of law N\u00b0 78-17 of January 6, 1978 relating to data processing, data files and individual liberties, you have the right to access, rectify and delete any personal data concerning you.<\/span><\/p>\n<p class=\"m-size-11 m-text-align-center size-14\"><span class=\"m-font-size-11 font-size-14\">For more information on the French Data Protection Act, visit the CNIL website.<\/span><\/p>\n<p class=\"m-size-11 m-text-align-center size-14\"><span class=\"m-font-size-11 font-size-14\">Within the framework of the RGPD law, for any information or exercise of your Data Protection rights on the processing of personal data managed by the CNIL, you can contact the Data Protection Officer (declared DPO-132545):<\/span><\/p>\n<p class=\"m-size-11 m-text-align-center size-14\"><span class=\"m-font-size-11 font-size-14\">To the attention of the Data Protection Officer (DPO) by e-mail,<\/span> <a class=\"m-font-size-11 font-size-14\" href=\"mailto:laurent@laurentwild.com\" target=\"_blank\" rel=\"noopener\" type=\"email\">by clicking here<\/a><span class=\"m-font-size-11 font-size-14\">.<\/span><\/p>\n","protected":false},"excerpt":{"rendered":"<p>Publisher information The www.joannesricchard.com website is published by : Laurent Wild &#8211; Trust Digital Publishing Director Laurent Wild &#8211; Trust Digital 10 Rue de gr\u00e9zan &#8211; 30000 N\u00eemes Site realization Laurent Wild &#8211; Trust Digital 10 Rue de gr\u00e9zan &#8211; 30000 N\u00eemes laurentwild.com Host LWS (www.lws.fr &#8211; Ligne Web Services) SAS au capital de 500 &#8230;<\/p>\n","protected":false},"author":1,"featured_media":0,"parent":0,"menu_order":0,"comment_status":"closed","ping_status":"closed","template":"","meta":{"patiotime_single_page_hide_site_header":"","patiotime_single_page_site_header_source":"","patiotime_single_page_custom_site_header":"","patiotime_single_page_custom_sticky_site_header":"","patiotime_single_page_hide_page_title":"","patiotime_single_page_header_section_size":"","patiotime_single_page_header_background_color":"","patiotime_single_page_header_background_position_x":"center","patiotime_single_page_header_background_position_y":"center","patiotime_single_page_header_background_size":"cover","patiotime_single_page_header_background_repeat":"off","patiotime_single_page_header_background_scroll":"on","patiotime_single_page_header_text_color":"","patiotime_single_page_header_show_breadcrumb":"","patiotime_single_page_site_footer_hide_main":"","patiotime_single_custom_site_footer_main_source":"","patiotime_single_custom_site_footer_main":"","patiotime_single_page_site_footer_hide_above":"","patiotime_single_custom_site_footer_above_source":"","patiotime_single_custom_site_footer_above":"","patiotime_single_page_site_footer_hide_instagram":"","patiotime_single_page_site_footer_hide_bottom":"","patiotime_single_custom_mobile_menu_source":"","patiotime_single_custom_mobile_menu":"","patiotime_single_custom_mobile_menu_animation":"","patiotime_single_custom_mobile_menu_width":"","patiotime_single_custom_mobile_menu_custom_width":375,"footnotes":""},"class_list":["post-1768","page","type-page","status-publish","hentry"],"yoast_head":"<!-- This site is optimized with the Yoast SEO plugin v23.3 - https:\/\/yoast.com\/wordpress\/plugins\/seo\/ -->\n<title>Terms of use - Joannes Richard<\/title>\n<meta name=\"robots\" content=\"index, follow, max-snippet:-1, max-image-preview:large, max-video-preview:-1\" \/>\n<link rel=\"canonical\" href=\"https:\/\/joannesrichard.com\/en\/terms-of-use\/\" \/>\n<meta property=\"og:locale\" content=\"en_US\" \/>\n<meta property=\"og:type\" content=\"article\" \/>\n<meta property=\"og:title\" content=\"Terms of use - Joannes Richard\" \/>\n<meta property=\"og:description\" content=\"Publisher information The www.joannesricchard.com website is published by : Laurent Wild &#8211; Trust Digital Publishing Director Laurent Wild &#8211; Trust Digital 10 Rue de gr\u00e9zan &#8211; 30000 N\u00eemes Site realization Laurent Wild &#8211; Trust Digital 10 Rue de gr\u00e9zan &#8211; 30000 N\u00eemes laurentwild.com Host LWS (www.lws.fr &#8211; Ligne Web Services) SAS au capital de 500 ...\" \/>\n<meta property=\"og:url\" content=\"https:\/\/joannesrichard.com\/en\/terms-of-use\/\" \/>\n<meta property=\"og:site_name\" content=\"Joannes Richard\" \/>\n<meta property=\"article:modified_time\" content=\"2024-08-23T10:01:07+00:00\" \/>\n<meta name=\"twitter:label1\" content=\"Est. reading time\" \/>\n\t<meta name=\"twitter:data1\" content=\"2 minutes\" \/>\n<script type=\"application\/ld+json\" class=\"yoast-schema-graph\">{\"@context\":\"https:\/\/schema.org\",\"@graph\":[{\"@type\":\"WebPage\",\"@id\":\"https:\/\/joannesrichard.com\/en\/terms-of-use\/\",\"url\":\"https:\/\/joannesrichard.com\/en\/terms-of-use\/\",\"name\":\"Terms of use - Joannes Richard\",\"isPartOf\":{\"@id\":\"https:\/\/joannesrichard.com\/#website\"},\"datePublished\":\"2024-08-23T09:15:33+00:00\",\"dateModified\":\"2024-08-23T10:01:07+00:00\",\"inLanguage\":\"en-US\",\"potentialAction\":[{\"@type\":\"ReadAction\",\"target\":[\"https:\/\/joannesrichard.com\/en\/terms-of-use\/\"]}]},{\"@type\":\"WebSite\",\"@id\":\"https:\/\/joannesrichard.com\/#website\",\"url\":\"https:\/\/joannesrichard.com\/\",\"name\":\"Joannes Richard\",\"description\":\"Champion de France et Vice Champion du monde du Burger\",\"publisher\":{\"@id\":\"https:\/\/joannesrichard.com\/#organization\"},\"potentialAction\":[{\"@type\":\"SearchAction\",\"target\":{\"@type\":\"EntryPoint\",\"urlTemplate\":\"https:\/\/joannesrichard.com\/?s={search_term_string}\"},\"query-input\":\"required name=search_term_string\"}],\"inLanguage\":\"en-US\"},{\"@type\":\"Organization\",\"@id\":\"https:\/\/joannesrichard.com\/#organization\",\"name\":\"Joannes Richard\",\"url\":\"https:\/\/joannesrichard.com\/\",\"logo\":{\"@type\":\"ImageObject\",\"inLanguage\":\"en-US\",\"@id\":\"https:\/\/joannesrichard.com\/#\/schema\/logo\/image\/\",\"url\":\"https:\/\/joannesrichard.com\/wp-content\/uploads\/2024\/06\/LOGO-JOANNES-RICHARD.svg\",\"contentUrl\":\"https:\/\/joannesrichard.com\/wp-content\/uploads\/2024\/06\/LOGO-JOANNES-RICHARD.svg\",\"width\":215,\"height\":72,\"caption\":\"Joannes Richard\"},\"image\":{\"@id\":\"https:\/\/joannesrichard.com\/#\/schema\/logo\/image\/\"}}]}<\/script>\n<!-- \/ Yoast SEO plugin. -->","yoast_head_json":{"title":"Terms of use - Joannes Richard","robots":{"index":"index","follow":"follow","max-snippet":"max-snippet:-1","max-image-preview":"max-image-preview:large","max-video-preview":"max-video-preview:-1"},"canonical":"https:\/\/joannesrichard.com\/en\/terms-of-use\/","og_locale":"en_US","og_type":"article","og_title":"Terms of use - Joannes Richard","og_description":"Publisher information The www.joannesricchard.com website is published by : Laurent Wild &#8211; Trust Digital Publishing Director Laurent Wild &#8211; Trust Digital 10 Rue de gr\u00e9zan &#8211; 30000 N\u00eemes Site realization Laurent Wild &#8211; Trust Digital 10 Rue de gr\u00e9zan &#8211; 30000 N\u00eemes laurentwild.com Host LWS (www.lws.fr &#8211; Ligne Web Services) SAS au capital de 500 ...","og_url":"https:\/\/joannesrichard.com\/en\/terms-of-use\/","og_site_name":"Joannes Richard","article_modified_time":"2024-08-23T10:01:07+00:00","twitter_misc":{"Est. reading time":"2 minutes"},"schema":{"@context":"https:\/\/schema.org","@graph":[{"@type":"WebPage","@id":"https:\/\/joannesrichard.com\/en\/terms-of-use\/","url":"https:\/\/joannesrichard.com\/en\/terms-of-use\/","name":"Terms of use - Joannes Richard","isPartOf":{"@id":"https:\/\/joannesrichard.com\/#website"},"datePublished":"2024-08-23T09:15:33+00:00","dateModified":"2024-08-23T10:01:07+00:00","inLanguage":"en-US","potentialAction":[{"@type":"ReadAction","target":["https:\/\/joannesrichard.com\/en\/terms-of-use\/"]}]},{"@type":"WebSite","@id":"https:\/\/joannesrichard.com\/#website","url":"https:\/\/joannesrichard.com\/","name":"Joannes Richard","description":"Champion de France et Vice Champion du monde du Burger","publisher":{"@id":"https:\/\/joannesrichard.com\/#organization"},"potentialAction":[{"@type":"SearchAction","target":{"@type":"EntryPoint","urlTemplate":"https:\/\/joannesrichard.com\/?s={search_term_string}"},"query-input":"required name=search_term_string"}],"inLanguage":"en-US"},{"@type":"Organization","@id":"https:\/\/joannesrichard.com\/#organization","name":"Joannes Richard","url":"https:\/\/joannesrichard.com\/","logo":{"@type":"ImageObject","inLanguage":"en-US","@id":"https:\/\/joannesrichard.com\/#\/schema\/logo\/image\/","url":"https:\/\/joannesrichard.com\/wp-content\/uploads\/2024\/06\/LOGO-JOANNES-RICHARD.svg","contentUrl":"https:\/\/joannesrichard.com\/wp-content\/uploads\/2024\/06\/LOGO-JOANNES-RICHARD.svg","width":215,"height":72,"caption":"Joannes Richard"},"image":{"@id":"https:\/\/joannesrichard.com\/#\/schema\/logo\/image\/"}}]}},"_links":{"self":[{"href":"https:\/\/joannesrichard.com\/en\/wp-json\/wp\/v2\/pages\/1768"}],"collection":[{"href":"https:\/\/joannesrichard.com\/en\/wp-json\/wp\/v2\/pages"}],"about":[{"href":"https:\/\/joannesrichard.com\/en\/wp-json\/wp\/v2\/types\/page"}],"author":[{"embeddable":true,"href":"https:\/\/joannesrichard.com\/en\/wp-json\/wp\/v2\/users\/1"}],"replies":[{"embeddable":true,"href":"https:\/\/joannesrichard.com\/en\/wp-json\/wp\/v2\/comments?post=1768"}],"version-history":[{"count":1,"href":"https:\/\/joannesrichard.com\/en\/wp-json\/wp\/v2\/pages\/1768\/revisions"}],"predecessor-version":[{"id":1806,"href":"https:\/\/joannesrichard.com\/en\/wp-json\/wp\/v2\/pages\/1768\/revisions\/1806"}],"wp:attachment":[{"href":"https:\/\/joannesrichard.com\/en\/wp-json\/wp\/v2\/media?parent=1768"}],"curies":[{"name":"wp","href":"https:\/\/api.w.org\/{rel}","templated":true}]}}